{"id":6864,"date":"2023-12-08T09:36:53","date_gmt":"2023-12-08T09:36:53","guid":{"rendered":"https:\/\/keymagic.eu\/impronta\/"},"modified":"2023-12-13T15:21:27","modified_gmt":"2023-12-13T15:21:27","slug":"impronta","status":"publish","type":"page","link":"https:\/\/keymagic.eu\/it\/impronta\/","title":{"rendered":"Impronta"},"content":{"rendered":"\t\t<div data-elementor-type=\"wp-page\" data-elementor-id=\"6864\" class=\"elementor elementor-6864 elementor-5516\" data-elementor-post-type=\"page\">\n\t\t\t\t\t\t<section class=\"elementor-section elementor-top-section elementor-element elementor-element-5858b337 elementor-section-boxed elementor-section-height-default elementor-section-height-default\" data-id=\"5858b337\" data-element_type=\"section\">\n\t\t\t\t\t\t<div class=\"elementor-container elementor-column-gap-wider\">\n\t\t\t\t\t<div class=\"elementor-column elementor-col-100 elementor-top-column elementor-element elementor-element-135ac192\" data-id=\"135ac192\" data-element_type=\"column\">\n\t\t\t<div class=\"elementor-widget-wrap elementor-element-populated\">\n\t\t\t\t\t\t<div class=\"elementor-element elementor-element-33e9a726 elementor-widget elementor-widget-text-editor\" data-id=\"33e9a726\" data-element_type=\"widget\" data-widget_type=\"text-editor.default\">\n\t\t\t\t<div class=\"elementor-widget-container\">\n\t\t\t\t\t\t\t\t\t<h1>Impronta<\/h1>\n<p><\/p>\n<h3><strong>Informazioni ai sensi del \u00a7 5 TMG:<\/strong><\/h3>\n<p>Dirk Janson<br>Hohenzollerndamm 89<br>14199 Berlino<\/p>\n<p>Contatto:<\/p>\n<p>Telefono: +49 30 600 32 106<br>Fax: +49 30 700 143 4885<br>E-mail:&nbsp; <span id=\"cloak8d57faad7ffdcd64bf019db4a1693a5b\">\n  <a href=\"mailto:Dirk.Janson@KeyMagic.eu\">Dirk.Janson@KeyMagic.eu<\/a>\n<\/span><br>Codice fiscale: &nbsp; Numero di identificazione dell&#8217;imposta sulle vendite secondo il \u00a727 a della legge sull&#8217;imposta sulle vendite: DE207534864<\/p>\n<p>Fonte: Creato con l&#8217;Impressum-Generator Einzelunternehmer di eRecht24.<\/p>\n<p><br><\/p>\n<p><br><\/p>\n<h3><b>Esclusione di responsabilit\u00e0:<\/b><\/h3>\n<h4><b>Responsabilit\u00e0 per i contenuti<\/b><\/h4>\n<p>I contenuti delle nostre pagine sono stati creati con la massima cura. Tuttavia, non ci assumiamo alcuna responsabilit\u00e0 per la correttezza, la completezza e l&#8217;attualit\u00e0 dei contenuti. In qualit\u00e0 di fornitore di servizi, siamo obbligati ai sensi del \u00a7 7 comma 1 TMG \u00e8 responsabile dei propri contenuti su queste pagine in base alle leggi generali. Ai sensi dei \u00a7\u00a7 8-10 TMG, tuttavia, in qualit\u00e0 di fornitore di servizi non siamo obbligati a monitorare le informazioni trasmesse o memorizzate da terzi o a indagare su circostanze che indicano un&#8217;attivit\u00e0 illegale. L&#8217;obbligo di rimuovere o bloccare l&#8217;uso delle informazioni in conformit\u00e0 alle leggi generali rimane inalterato. Tuttavia, la responsabilit\u00e0 in questo senso \u00e8 possibile solo a partire dal momento in cui si viene a conoscenza di una specifica violazione. Non appena verremo a conoscenza di tali violazioni, rimuoveremo immediatamente tali contenuti.<\/p><p><br><\/p>\n<h4><b>Responsabilit\u00e0 per i link<\/b><\/h4>\n<p>Il nostro sito web contiene link a siti web esterni di terzi sui cui contenuti non abbiamo alcuna influenza. Pertanto, non possiamo accettare alcuna responsabilit\u00e0 per questi contenuti di terzi. Il rispettivo fornitore o gestore delle pagine \u00e8 sempre responsabile del contenuto delle pagine collegate. Le pagine collegate sono state controllate per verificare eventuali violazioni legali al momento del collegamento. I contenuti illegali non erano riconoscibili al momento del collegamento. Tuttavia, il monitoraggio permanente del contenuto delle pagine collegate non \u00e8 ragionevole senza prove concrete di una violazione. Se veniamo a conoscenza di eventuali violazioni legali, rimuoveremo immediatamente tali link.<\/p><p><br><\/p><h4><span style=\"background-color: rgba(255, 255, 255, 0); color: var(--the7-base-color); letter-spacing: var(--the7-base-letter-spacing); text-transform: var(--the7-base-text-transform); word-spacing: normal;\"><b>Copyright<\/b><\/span><\/h4>\n<p>I contenuti e le opere create dagli operatori del sito su queste pagine sono soggetti alla legge tedesca sul diritto d&#8217;autore. La riproduzione, la modifica, la distribuzione e qualsiasi tipo di utilizzo al di fuori dei limiti della legge sul copyright richiedono il consenso scritto del rispettivo autore o creatore. Download e copie di questo sito sono consentiti solo per uso privato e non commerciale. Nella misura in cui il contenuto di questo sito non \u00e8 stato creato dall&#8217;operatore, si rispettano i diritti d&#8217;autore di terzi. In particolare, i contenuti di terze parti sono etichettati come tali. Se tuttavia doveste venire a conoscenza di una violazione del copyright, vi preghiamo di informarci di conseguenza. Se veniamo a conoscenza di eventuali violazioni legali, rimuoveremo immediatamente tali contenuti.<\/p><p><br><\/p>\n<h4><b>Protezione dei dati<\/b><\/h4>\n<p>L&#8217;utilizzo del nostro sito web \u00e8 generalmente possibile senza fornire dati personali. Nella misura in cui sul nostro sito web vengono raccolti dati personali (ad esempio nome, indirizzo o indirizzi e-mail), ci\u00f2 avviene sempre, per quanto possibile, su base volontaria. Questi dati non saranno trasmessi a terzi senza il vostro esplicito consenso.<\/p>\n<p>Desideriamo sottolineare che la trasmissione di dati su Internet (ad esempio, la comunicazione via e-mail) pu\u00f2 presentare lacune nella sicurezza. Non \u00e8 possibile proteggere completamente i dati dall&#8217;accesso di terzi.<\/p>\n<p>Con la presente si vieta espressamente l&#8217;utilizzo dei dati di contatto pubblicati nell&#8217;ambito dell&#8217;obbligo di imprinting da parte di terzi per l&#8217;invio di materiale pubblicitario e informativo non richiesto. I gestori di questo sito web si riservano espressamente il diritto di intraprendere azioni legali in caso di invio non richiesto di informazioni pubblicitarie, come ad esempio e-mail di spam.<\/p>\t\t\t\t\t\t\t\t<\/div>\n\t\t\t\t<\/div>\n\t\t\t\t\t<\/div>\n\t\t<\/div>\n\t\t\t\t\t<\/div>\n\t\t<\/section>\n\t\t\t\t<\/div>\n\t\t","protected":false},"excerpt":{"rendered":"<p>Impronta Informazioni ai sensi del \u00a7 5 TMG: Dirk JansonHohenzollerndamm 8914199 Berlino Contatto: Telefono: +49 30 600 32 106Fax: +49 30 700 143 4885E-mail:&nbsp; Dirk.Janson@KeyMagic.eu Codice fiscale: &nbsp; Numero di identificazione dell&#8217;imposta sulle vendite secondo il \u00a727 a della legge sull&#8217;imposta sulle vendite: DE207534864 Fonte: Creato con l&#8217;Impressum-Generator Einzelunternehmer di eRecht24. Esclusione di responsabilit\u00e0: Responsabilit\u00e0&hellip;<\/p>\n","protected":false},"author":1,"featured_media":0,"parent":0,"menu_order":0,"comment_status":"closed","ping_status":"closed","template":"","meta":{"footnotes":""},"class_list":["post-6864","page","type-page","status-publish","hentry"],"_links":{"self":[{"href":"https:\/\/keymagic.eu\/it\/wp-json\/wp\/v2\/pages\/6864","targetHints":{"allow":["GET"]}}],"collection":[{"href":"https:\/\/keymagic.eu\/it\/wp-json\/wp\/v2\/pages"}],"about":[{"href":"https:\/\/keymagic.eu\/it\/wp-json\/wp\/v2\/types\/page"}],"author":[{"embeddable":true,"href":"https:\/\/keymagic.eu\/it\/wp-json\/wp\/v2\/users\/1"}],"replies":[{"embeddable":true,"href":"https:\/\/keymagic.eu\/it\/wp-json\/wp\/v2\/comments?post=6864"}],"version-history":[{"count":1,"href":"https:\/\/keymagic.eu\/it\/wp-json\/wp\/v2\/pages\/6864\/revisions"}],"predecessor-version":[{"id":6870,"href":"https:\/\/keymagic.eu\/it\/wp-json\/wp\/v2\/pages\/6864\/revisions\/6870"}],"wp:attachment":[{"href":"https:\/\/keymagic.eu\/it\/wp-json\/wp\/v2\/media?parent=6864"}],"curies":[{"name":"wp","href":"https:\/\/api.w.org\/{rel}","templated":true}]}}