{"id":6353,"date":"2023-10-07T14:38:44","date_gmt":"2023-10-07T14:38:44","guid":{"rendered":"https:\/\/keymagic.eu\/protezione-dei-dati\/"},"modified":"2023-12-13T14:55:34","modified_gmt":"2023-12-13T14:55:34","slug":"protezione-dei-dati","status":"publish","type":"page","link":"https:\/\/keymagic.eu\/it\/protezione-dei-dati\/","title":{"rendered":"Protezione dei dati"},"content":{"rendered":"\t\t<div data-elementor-type=\"wp-page\" data-elementor-id=\"6353\" class=\"elementor elementor-6353 elementor-3\" data-elementor-post-type=\"page\">\n\t\t\t\t<div class=\"elementor-element elementor-element-2830fe49 e-flex e-con-boxed e-con e-parent\" data-id=\"2830fe49\" data-element_type=\"container\">\n\t\t\t\t\t<div class=\"e-con-inner\">\n\t\t\t\t<div class=\"elementor-element elementor-element-29394216 elementor-widget elementor-widget-text-editor\" data-id=\"29394216\" data-element_type=\"widget\" data-widget_type=\"text-editor.default\">\n\t\t\t\t<div class=\"elementor-widget-container\">\n\t\t\t\t\t\t\t\t\t<p><\/p>\n<p><strong>Informativa sulla privacy<\/strong><\/p>\n<ol>\n<li><strong>  La protezione dei dati in sintesi<\/strong><\/li>\n<\/ol>\n<p><strong>Informazioni generali<\/strong><\/p>\n<p>Le seguenti informazioni forniscono una semplice panoramica di ci\u00f2 che viene fatto con i vostri dati personali.<\/p>\n<p>avviene quando si visita questo sito web. I dati personali sono tutti i dati con cui l&#8217;utente<\/p>\n<p>possono essere identificati personalmente. Per informazioni dettagliate sul tema della protezione dei dati<\/p>\n<p>Si prega di fare riferimento alla nostra politica sulla privacy elencata sotto questo testo.<\/p>\n<p><strong>Raccolta di dati su questo sito web<\/strong><\/p>\n<p><strong>Chi \u00e8 responsabile della raccolta dei dati su questo sito?<\/strong><\/p>\n<p>Il trattamento dei dati su questo sito web viene effettuato dal gestore del sito. I suoi dettagli di contatto<\/p>\n<p>si trovano nella sezione &#8220;Informazioni sul responsabile del trattamento&#8221; della presente informativa sulla privacy.<\/p>\n<p><strong>Come raccogliamo i vostri dati?<\/strong><\/p>\n<p>Da un lato, i vostri dati vengono raccolti quando ce li fornite. Questi possono essere, ad esempio<\/p>\n<p>dati inseriti in un modulo di contatto.<\/p>\n<p>Altri dati vengono raccolti automaticamente o con il vostro consenso dai nostri sistemi informatici quando visitate il sito web.<\/p>\n<p>registrato. Si tratta principalmente di dati tecnici (ad es. B. browser Internet, sistema operativo o ora<\/p>\n<p>della visualizzazione della pagina). Questi dati vengono raccolti automaticamente non appena si entra in questo sito web.<\/p>\n<p><strong>Per cosa utilizziamo i vostri dati?<\/strong><\/p>\n<p>Alcuni dati vengono raccolti per garantire che il sito web sia fornito senza errori. Altro<\/p>\n<p>I dati possono essere utilizzati per analizzare il comportamento degli utenti.<\/p>\n<p><strong>Quali diritti avete sui vostri dati?<\/strong><\/p>\n<p>L&#8217;utente ha il diritto di richiedere in qualsiasi momento informazioni gratuite sull&#8217;origine, il destinatario e lo scopo dei suoi dati.<\/p>\n<p>dati personali da noi conservati. L&#8217;utente ha inoltre il diritto di richiedere la rettifica o la cancellazione dei dati.<\/p>\n<p>per richiedere la cancellazione di questi dati. Se avete dato il vostro consenso al trattamento dei dati,<\/p>\n<p>\u00e8 possibile revocare questo consenso in qualsiasi momento per il futuro. Avete inoltre il diritto di<\/p>\n<p>richiedere la limitazione del trattamento dei vostri dati personali in determinate circostanze.<\/p>\n<p>Avete inoltre il diritto di presentare un reclamo all&#8217;autorit\u00e0 di vigilanza competente.<\/p>\n<p> <\/p>\n<p>Potete contattarci in qualsiasi momento se avete ulteriori domande sul tema della protezione dei dati.<\/p>\n<p>Strumenti di analisi e strumenti di fornitori terzi<\/p>\n<p>Quando visitate questo sito web, il vostro comportamento di navigazione pu\u00f2 essere valutato statisticamente. Ci\u00f2 avviene principalmente con i cosiddetti programmi di analisi.<\/p>\n<p>Informazioni dettagliate su questi programmi di analisi sono disponibili nella seguente informativa sulla privacy.<\/p>\n<ol start=\"2\">\n<li><b>Hosting<\/b><\/li>\n<\/ol>\n<p>Il contenuto del nostro sito web \u00e8 ospitato dal seguente provider:<\/p>\n<p>Hosting esterno<\/p>\n<p>Questo sito web \u00e8 ospitato esternamente. I dati personali raccolti su questo sito web sono conservati sui server dell&#8217;hoster. Ci\u00f2 pu\u00f2 includere indirizzi IP, richieste di contatto, dati meta e di comunicazione, dati contrattuali, dettagli di contatto, nomi, accessi al sito web e altri dati generati tramite un sito web.<\/p>\n<p>L&#8217;hosting esterno viene effettuato ai fini dell&#8217;adempimento del contratto nei confronti dei nostri clienti potenziali ed esistenti (art. 6 cpv. 1 lett. b GDPR) e nell&#8217;interesse di una fornitura sicura, rapida ed efficiente della nostra offerta online da parte di un fornitore professionale (art. 6 cpv. 1 lett. f GDPR). Se \u00e8 stato richiesto un consenso corrispondente, il trattamento viene effettuato esclusivamente sulla base dell&#8217;art. 6 comma. 1 lit. a GDPR e \u00a7 25 para. 1 TTDSG, nella misura in cui il consenso includa la memorizzazione di cookie o l&#8217;accesso a informazioni nel dispositivo finale dell&#8217;utente (ad es. fingerprinting del dispositivo) ai sensi del TTDSG. Il consenso pu\u00f2 essere revocato in qualsiasi momento.<\/p>\n<p>I nostri host tratteranno i vostri dati solo nella misura necessaria per adempiere agli obblighi di prestazione e seguire le nostre istruzioni in merito a tali dati.<\/p>\n<p>Utilizziamo i seguenti hoster:<\/p>\n<p>checkdomain GmbH, societ\u00e0 del gruppo dogado<\/p>\n<p>Gro\u00dfe Burgstra\u00dfe 27\/29<\/p>\n<p>23552 Lubecca<\/p>\n<ol start=\"3\">\n<li><b>Note generali e informazioni obbligatorie<\/b><\/li>\n<\/ol>\n<p><b>Protezione dei dati<\/b><\/p>\n<p>I gestori di queste pagine prendono molto sul serio la protezione dei vostri dati personali. Trattiamo i vostri dati personali in modo confidenziale e in conformit\u00e0 alle norme di legge sulla protezione dei dati e alla presente informativa sulla privacy.<\/p>\n<p>Quando si utilizza questo sito web, vengono raccolti diversi dati personali. I dati personali sono dati che possono essere utilizzati per identificarvi personalmente. La presente informativa sulla privacy spiega quali dati raccogliamo e per quali scopi li utilizziamo. Spiega inoltre come e a quale scopo ci\u00f2 avviene.<\/p>\n<p>Desideriamo sottolineare che la trasmissione di dati su Internet (ad esempio, la comunicazione via e-mail) pu\u00f2 presentare lacune nella sicurezza. Non \u00e8 possibile proteggere completamente i dati dall&#8217;accesso di terzi.<\/p>\n<p><b>Nota sull&#8217;organismo responsabile<\/b><\/p>\n<p>Il responsabile del trattamento dei dati su questo sito web \u00e8<\/p>\n<p>Dirk Janson<\/p>\n<p>Hohenzollerndamm 89<\/p>\n<p>14199 Berlino<\/p>\n<p>Telefono: +49 30 600 32 106<\/p>\n<p>e-mail: Dirk.Janson@KeyMagic.eu<\/p>\n<p>Il responsabile del trattamento \u00e8 la persona fisica o giuridica che, da sola o insieme ad altri, determina le finalit\u00e0 e i mezzi del trattamento dei dati personali (ad esempio, nomi, indirizzi e-mail, ecc.).<\/p>\n<p><b>Durata della conservazione<\/b><\/p>\n<p>A meno che non sia stato specificato un periodo di conservazione pi\u00f9 specifico nella presente informativa sulla privacy, i vostri dati personali rimarranno presso di noi fino a quando lo scopo del trattamento dei dati non sar\u00e0 pi\u00f9 applicabile. Se l&#8217;utente presenta una richiesta giustificata di cancellazione o revoca il proprio consenso al trattamento dei dati, i suoi dati saranno cancellati, a meno che non vi siano altri motivi legalmente consentiti per la conservazione dei suoi dati personali (ad esempio, periodi di conservazione previsti dal diritto fiscale o commerciale); in quest&#8217;ultimo caso, la cancellazione avverr\u00e0 dopo che tali motivi non saranno pi\u00f9 validi.<\/p>\n<p> <\/p>\n<p><b>Informazioni generali sulla base giuridica del trattamento dei dati su questo <span style=\"text-align: var(--text-align); background-color: rgba(255, 255, 255, 0); color: var(--the7-base-color); letter-spacing: var(--the7-base-letter-spacing); text-transform: var(--the7-base-text-transform); word-spacing: normal;\">sito web<\/span>.<\/b><\/p>\n<p>Se avete acconsentito al trattamento dei dati, trattiamo i vostri dati personali sulla base dell&#8217;art. 6 par. 1 lit. a GDPR e art. 9 par. 2 litri. a GDPR, nella misura in cui categorie particolari di dati ai sensi dell&#8217;art. 9 par. 1 GDPR sono trattati. In caso di consenso esplicito al trasferimento dei dati personali in paesi terzi, il trattamento dei dati viene effettuato anche sulla base dell&#8217;art. 49 par. 1 lit. a GDPR. Se l&#8217;utente ha acconsentito alla memorizzazione dei cookie o all&#8217;accesso alle informazioni nel suo dispositivo finale (ad es. tramite il fingerprinting del dispositivo), il trattamento dei dati avviene anche sulla base dell&#8217;articolo 25 (1) del GDPR. 1 TTDSG. Il consenso pu\u00f2 essere revocato in qualsiasi momento. Se i vostri dati sono necessari per l&#8217;adempimento del contratto o per l&#8217;attuazione di misure precontrattuali, li trattiamo sulla base dell&#8217;art. 6 par. 1 lit. b GDPR. Inoltre, trattiamo i vostri dati se ci\u00f2 \u00e8 necessario per adempiere a un obbligo di legge sulla base dell&#8217;art. 6 comma. 1 lit. c GDPR. Il trattamento dei dati pu\u00f2 anche essere basato sul nostro legittimo interesse ai sensi dell&#8217;art. 6 comma. 1 lit. f \u00c8 necessario eseguire il DSGVO. Le informazioni sulle basi giuridiche rilevanti in ogni singolo caso sono fornite nei paragrafi successivi della presente informativa sulla privacy.<\/p>\n<p> <\/p>\n<p><b>Destinatari dei dati personali<\/b><\/p>\n<p>Nell&#8217;ambito delle nostre attivit\u00e0 commerciali, collaboriamo con diverse organizzazioni esterne. In alcuni casi, \u00e8 anche necessario trasferire i dati personali a questi enti esterni. Trasmettiamo i dati personali a enti esterni solo se ci\u00f2 \u00e8 necessario per l&#8217;adempimento di un contratto, se siamo obbligati per legge a farlo (ad es. trasmissione dei dati alle autorit\u00e0 fiscali), se abbiamo un interesse legittimo ai sensi dell&#8217;art. 6 par. 1 lett. a GDPR o se abbiamo un interesse legittimo al trattamento dei dati personali. 1 lit. f GDPR o se un&#8217;altra base giuridica consente il trasferimento dei dati. Quando utilizziamo i responsabili del trattamento, trasmettiamo i dati personali dei nostri clienti solo sulla base di un contratto valido per l&#8217;elaborazione degli ordini. In caso di trattamento congiunto, viene stipulato un accordo di trattamento congiunto.<\/p>\n<p> <\/p>\n<p> <\/p>\n<p> <\/p>\n<p><b>Revoca del consenso al trattamento dei dati<\/b><\/p>\n<p>Molte operazioni di trattamento dei dati sono possibili solo con il vostro esplicito consenso. \u00c8 possibile revocare il proprio consenso in qualsiasi momento. La legalit\u00e0 del trattamento dei dati effettuato fino alla revoca rimane inalterata dalla revoca stessa.<\/p>\n<p>Diritto di opporsi alla raccolta di dati in casi particolari e contro<\/p>\n<p>Marketing diretto (art. 21 GDPR)<\/p>\n<p>SE IL TRATTAMENTO DEI DATI SI BASA SULL&#8217;ART. 6 ABS. 1 LIT. E O F DEL GDPR, AVETE IL DIRITTO DI OPPORVI IN QUALSIASI MOMENTO AL TRATTAMENTO DEI VOSTRI DATI PERSONALI PER MOTIVI CONNESSI ALLA VOSTRA SITUAZIONE PARTICOLARE; CI\u00d2 VALE ANCHE PER LA PROFILAZIONE BASATA SU TALI DISPOSIZIONI. LA RISPETTIVA BASE GIURIDICA SU CUI SI FONDA IL TRATTAMENTO \u00c8 RIPORTATA NELLA PRESENTE INFORMATIVA SULLA PRIVACY. IN CASO DI OPPOSIZIONE, NON TRATTEREMO PI\u00d9 I VOSTRI DATI PERSONALI IN QUESTIONE, A MENO CHE NON POSSIAMO DIMOSTRARE L&#8217;ESISTENZA DI MOTIVI LEGITTIMI IMPELLENTI PER IL TRATTAMENTO CHE PREVALGONO SUI VOSTRI INTERESSI, DIRITTI E LIBERT\u00c0 O CHE IL TRATTAMENTO SERVE ALL&#8217;ACCERTAMENTO, ALL&#8217;ESERCIZIO O ALLA DIFESA DI DIRITTI LEGALI (OBIEZIONE AI SENSI DELL&#8217;ARTICOLO 21, PARAGRAFO 1, DEL GDPR).<\/p>\n<p>SE I VOSTRI DATI PERSONALI SONO TRATTATI PER FINALIT\u00c0 DI MARKETING DIRETTO, AVETE IL DIRITTO DI OPPORVI IN QUALSIASI MOMENTO AL TRATTAMENTO DEI DATI PERSONALI CHE VI RIGUARDANO AI FINI DI TALE MARKETING, CHE INCLUDE LA PROFILAZIONE NELLA MISURA IN CUI \u00c8 CONNESSA A TALE MARKETING DIRETTO. IN CASO DI OPPOSIZIONE, I VOSTRI DATI PERSONALI NON SARANNO PI\u00d9 UTILIZZATI PER FINALIT\u00c0 DI MARKETING DIRETTO (OPPOSIZIONE AI SENSI DELL&#8217;ART. 21 PAR. 2 GDPR).<\/p>\n<p> <\/p>\n<p> <\/p>\n<p><b>Diritto di presentare un reclamo all&#8217;autorit\u00e0 di controllo competente<\/b><\/p>\n<p>In caso di violazione del GDPR, gli interessati hanno il diritto di proporre reclamo a un&#8217;autorit\u00e0 di controllo, in particolare nello Stato membro di residenza abituale, di lavoro o di presunta violazione. Il diritto di ricorso non pregiudica altri rimedi amministrativi o giudiziari.<\/p>\n<p> <\/p>\n<p><b>Diritto alla portabilit\u00e0 dei dati<\/b><\/p>\n<p>Avete il diritto di ottenere che i dati da noi trattati automaticamente sulla base del vostro consenso o in adempimento di un contratto siano consegnati a voi o a terzi in un formato comunemente utilizzato e leggibile da una macchina. Se richiedete il trasferimento diretto dei dati a un altro responsabile del trattamento, ci\u00f2 avverr\u00e0 solo nella misura in cui sia tecnicamente possibile.<\/p>\n<p> <\/p>\n<p><b>Informazioni, correzione e cancellazione<\/b><\/p>\n<p>Nell&#8217;ambito delle disposizioni di legge applicabili, l&#8217;utente ha il diritto di ottenere in qualsiasi momento informazioni gratuite sui propri dati personali memorizzati, sulla loro origine e sul loro destinatario e sullo scopo del trattamento dei dati e, se necessario, il diritto alla correzione o alla cancellazione di tali dati. Potete contattarci in qualsiasi momento se avete ulteriori domande sul tema dei dati personali.<\/p>\n<p> <\/p>\n<p><b>Diritto alla limitazione del trattamento<\/b><\/p>\n<p>Avete il diritto di richiedere la limitazione del trattamento dei vostri dati personali. A tal fine, potete contattarci in qualsiasi momento. Il diritto alla limitazione del trattamento sussiste nei seguenti casi:<\/p>\n<p>Se l&#8217;utente contesta l&#8217;accuratezza dei suoi dati personali memorizzati da noi, di solito abbiamo bisogno di tempo per verificarlo. Per la durata della revisione, avete il diritto di chiedere che il trattamento dei vostri dati personali sia limitato.<\/p>\n<p>Se il trattamento dei vostri dati personali era\/\u00e8 illegale, potete richiedere la limitazione del trattamento dei dati invece della cancellazione.<\/p>\n<p>Se non abbiamo pi\u00f9 bisogno dei vostri dati personali, ma vi servono per l&#8217;esercizio, la difesa o l&#8217;affermazione di diritti legali, avete il diritto di richiedere la limitazione del trattamento dei vostri dati personali invece della loro cancellazione.<\/p>\n<p>Se presentate un&#8217;obiezione ai sensi dell&#8217;art. 21, paragrafo 1, lettera a). 1 GDPR, \u00e8 necessario trovare un equilibrio tra i vostri interessi e i nostri. Finch\u00e9 non \u00e8 ancora stato stabilito quali interessi prevalgono, avete il diritto di chiedere la limitazione del trattamento dei vostri dati personali.<\/p>\n<p> <\/p>\n<p>Se avete limitato il trattamento dei vostri dati personali, questi &#8211; a parte la loro conservazione &#8211; potranno essere trattati solo con il vostro consenso o per l&#8217;accertamento, l&#8217;esercizio o la difesa di diritti legali o per la tutela dei diritti di un&#8217;altra persona fisica o giuridica o per motivi di rilevante interesse pubblico dell&#8217;Unione europea o di uno Stato membro.<\/p>\n<p> <\/p>\n<p><b>Crittografia SSL o TLS<\/b><\/p>\n<p>Questo sito utilizza la crittografia SSL o TLS per motivi di sicurezza e per proteggere la trasmissione di contenuti riservati, come gli ordini o le richieste di informazioni che ci inviate in qualit\u00e0 di gestore del sito. Una connessione criptata si riconosce dal fatto che la riga dell&#8217;indirizzo del browser passa da &#8220;http:\/\/&#8221; a &#8220;https:\/\/&#8221; e dal simbolo del lucchetto nella riga del browser.<\/p>\n<p>Se la crittografia SSL o TLS \u00e8 attivata, i dati che ci trasmettete non possono essere letti da terzi.<\/p>\n<p> <\/p>\n<ol start=\"4\">\n<li><b>Raccolta di dati su questo sito web<\/b><\/li>\n<\/ol>\n<p><b>Biscotti<\/b><\/p>\n<p>Le nostre pagine Internet utilizzano i cosiddetti &#8220;cookie&#8221;. I cookie sono piccoli pacchetti di dati e non causano alcun danno al dispositivo finale. Vengono utilizzati temporaneamente per la durata di una sessione<\/p>\n<p>(cookie di sessione) o in modo permanente (cookie permanenti) sul dispositivo finale dell&#8217;utente. I cookie di sessione vengono eliminati automaticamente al termine della visita. I cookie permanenti rimangono memorizzati sul dispositivo finale dell&#8217;utente fino a quando non vengono eliminati dall&#8217;utente stesso o vengono eliminati automaticamente dal browser web.<\/p>\n<p>I cookie possono provenire da noi (cookie di prima parte) o da societ\u00e0 terze (i cosiddetti cookie di terze parti). I cookie di terze parti consentono l&#8217;integrazione di alcuni servizi di aziende terze all&#8217;interno dei siti web (ad esempio, i cookie per l&#8217;elaborazione dei servizi di pagamento).<\/p>\n<p>I cookie hanno diverse funzioni. Molti cookie sono tecnicamente necessari, in quanto alcune funzioni del sito web non potrebbero funzionare senza di essi (ad esempio, la funzione del carrello della spesa o la visualizzazione di video). Altri cookie possono essere utilizzati per analizzare il comportamento degli utenti o per scopi pubblicitari.<\/p>\n<p>I cookie necessari per eseguire il processo di comunicazione elettronica, per fornire determinate funzioni richieste dall&#8217;utente (ad es. per la funzione carrello) o per ottimizzare il sito web (ad es. cookie per misurare l&#8217;audience del web) (cookie necessari) vengono memorizzati sulla base dell&#8217;art. 6 par. 1 lit. a GDPR. 1 lit. f GDPR, a meno che non sia specificata un&#8217;altra base giuridica.<\/p>\n<p>L&#8217;operatore del sito web ha un interesse legittimo alla memorizzazione dei cookie necessari per una fornitura tecnicamente priva di errori e ottimizzata dei propri servizi. Se \u00e8 stato richiesto il consenso alla memorizzazione di cookie e tecnologie di riconoscimento comparabili, il trattamento viene effettuato esclusivamente sulla base di tale consenso (art. 6 par. 1 lett. a GDPR e \u00a7 25 par. 1 TTDSG); il consenso pu\u00f2 essere revocato in qualsiasi momento.<\/p>\n<p>Potete impostare il vostro browser in modo da essere informati sull&#8217;impostazione dei cookie e consentire i cookie solo in singoli casi, escludere l&#8217;accettazione dei cookie per determinati casi o in generale e attivare la cancellazione automatica dei cookie alla chiusura del browser. Se i cookie vengono disattivati, la funzionalit\u00e0 di questo sito web potrebbe essere limitata.<\/p>\n<p>Per sapere quali cookie e servizi vengono utilizzati su questo sito web, consultare la presente informativa sulla privacy.<\/p>\n<p>Fonte:<\/p>\n<p>https:\/\/www.e-recht24.de<\/p>\n<p><\/p>\t\t\t\t\t\t\t\t<\/div>\n\t\t\t\t<\/div>\n\t\t\t\t\t<\/div>\n\t\t\t\t<\/div>\n\t\t\t\t<\/div>\n\t\t","protected":false},"excerpt":{"rendered":"<p>Informativa sulla privacy La protezione dei dati in sintesi Informazioni generali Le seguenti informazioni forniscono una semplice panoramica di ci\u00f2 che viene fatto con i vostri dati personali. avviene quando si visita questo sito web. I dati personali sono tutti i dati con cui l&#8217;utente possono essere identificati personalmente. Per informazioni dettagliate sul tema della&hellip;<\/p>\n","protected":false},"author":1,"featured_media":0,"parent":0,"menu_order":0,"comment_status":"closed","ping_status":"open","template":"","meta":{"footnotes":""},"class_list":["post-6353","page","type-page","status-publish","hentry"],"_links":{"self":[{"href":"https:\/\/keymagic.eu\/it\/wp-json\/wp\/v2\/pages\/6353","targetHints":{"allow":["GET"]}}],"collection":[{"href":"https:\/\/keymagic.eu\/it\/wp-json\/wp\/v2\/pages"}],"about":[{"href":"https:\/\/keymagic.eu\/it\/wp-json\/wp\/v2\/types\/page"}],"author":[{"embeddable":true,"href":"https:\/\/keymagic.eu\/it\/wp-json\/wp\/v2\/users\/1"}],"replies":[{"embeddable":true,"href":"https:\/\/keymagic.eu\/it\/wp-json\/wp\/v2\/comments?post=6353"}],"version-history":[{"count":9,"href":"https:\/\/keymagic.eu\/it\/wp-json\/wp\/v2\/pages\/6353\/revisions"}],"predecessor-version":[{"id":6414,"href":"https:\/\/keymagic.eu\/it\/wp-json\/wp\/v2\/pages\/6353\/revisions\/6414"}],"wp:attachment":[{"href":"https:\/\/keymagic.eu\/it\/wp-json\/wp\/v2\/media?parent=6353"}],"curies":[{"name":"wp","href":"https:\/\/api.w.org\/{rel}","templated":true}]}}