{"id":6851,"date":"2023-12-08T09:36:53","date_gmt":"2023-12-08T09:36:53","guid":{"rendered":"https:\/\/keymagic.eu\/mentions-legales\/"},"modified":"2023-12-13T15:21:27","modified_gmt":"2023-12-13T15:21:27","slug":"mentions-legales","status":"publish","type":"page","link":"https:\/\/keymagic.eu\/fr\/mentions-legales\/","title":{"rendered":"Mentions l\u00e9gales"},"content":{"rendered":"\t\t<div data-elementor-type=\"wp-page\" data-elementor-id=\"6851\" class=\"elementor elementor-6851 elementor-5516\" data-elementor-post-type=\"page\">\n\t\t\t\t\t\t<section class=\"elementor-section elementor-top-section elementor-element elementor-element-5858b337 elementor-section-boxed elementor-section-height-default elementor-section-height-default\" data-id=\"5858b337\" data-element_type=\"section\">\n\t\t\t\t\t\t<div class=\"elementor-container elementor-column-gap-wider\">\n\t\t\t\t\t<div class=\"elementor-column elementor-col-100 elementor-top-column elementor-element elementor-element-135ac192\" data-id=\"135ac192\" data-element_type=\"column\">\n\t\t\t<div class=\"elementor-widget-wrap elementor-element-populated\">\n\t\t\t\t\t\t<div class=\"elementor-element elementor-element-33e9a726 elementor-widget elementor-widget-text-editor\" data-id=\"33e9a726\" data-element_type=\"widget\" data-widget_type=\"text-editor.default\">\n\t\t\t\t<div class=\"elementor-widget-container\">\n\t\t\t\t\t\t\t\t\t<h1>Mentions l\u00e9gales<\/h1>\n<p><\/p>\n<h3><strong>Informations selon \u00a7 5 TMG :<\/strong><\/h3>\n<p>Dirk Janson<br>Hohenzollerndamm 89<br>14199 Berlin<\/p>\n<p>Contact :<\/p>\n<p>T\u00e9l\u00e9phone : +49 30 600 32 106<br>T\u00e9l\u00e9copieur : +49 30 700 143 4885<br>Courrier \u00e9lectronique :&nbsp; <span id=\"cloak8d57faad7ffdcd64bf019db4a1693a5b\">\n  <a href=\"mailto:Dirk.Janson@KeyMagic.eu\">Dirk.Janson@KeyMagic.eu<\/a>\n<\/span><br>Num\u00e9ro d&rsquo;identification de la taxe sur le chiffre d&rsquo;affaires : &nbsp; Num\u00e9ro d&rsquo;identification de la taxe sur le chiffre d&rsquo;affaires conform\u00e9ment au \u00a727 a de la loi sur la taxe sur le chiffre d&rsquo;affaires : DE207534864<\/p>\n<p>Source : cr\u00e9\u00e9 avec le g\u00e9n\u00e9rateur de mentions l\u00e9gales pour entreprises individuelles d&rsquo;eRecht24.<\/p>\n<p><br><\/p>\n<p><br><\/p>\n<h3><b>Clause de non-responsabilit\u00e9 :<\/b><\/h3>\n<h4><b>Responsabilit\u00e9 du contenu<\/b><\/h4>\n<p>Le contenu de nos pages a \u00e9t\u00e9 \u00e9labor\u00e9 avec le plus grand soin. Nous ne pouvons toutefois pas garantir l&rsquo;exactitude, l&rsquo;exhaustivit\u00e9 et l&rsquo;actualit\u00e9 des contenus. En tant que prestataire de services, nous sommes tenus, conform\u00e9ment au \u00a7 7 al.1 TMG pour ses propres contenus sur ces pages selon les lois g\u00e9n\u00e9rales. Selon les \u00a7\u00a7 8 \u00e0 10 de la loi allemande sur les m\u00e9dias \u00e9lectroniques (TMG), nous ne sommes toutefois pas tenus, en tant que prestataire de services, de surveiller les informations externes transmises ou enregistr\u00e9es ou de rechercher des circonstances indiquant une activit\u00e9 ill\u00e9gale. Les obligations de supprimer ou de bloquer l&rsquo;utilisation d&rsquo;informations conform\u00e9ment aux lois g\u00e9n\u00e9rales restent inchang\u00e9es. Une responsabilit\u00e9 \u00e0 cet \u00e9gard n&rsquo;est toutefois possible qu&rsquo;\u00e0 partir du moment o\u00f9 une violation concr\u00e8te de la loi est connue. D\u00e8s que nous aurons connaissance de telles violations, nous retirerons imm\u00e9diatement ces contenus.<\/p><p><br><\/p>\n<h4><b>Responsabilit\u00e9 pour les liens<\/b><\/h4>\n<p>Notre offre contient des liens vers des sites web externes de tiers, sur le contenu desquels nous n&rsquo;avons aucune influence. C&rsquo;est pourquoi nous ne pouvons pas non plus nous porter garants de ces contenus \u00e9trangers. Le fournisseur ou l&rsquo;exploitant des pages li\u00e9es est toujours responsable du contenu de ces pages. Les pages li\u00e9es ont \u00e9t\u00e9 contr\u00f4l\u00e9es au moment de la mise en place des liens afin de v\u00e9rifier qu&rsquo;elles n&rsquo;enfreignaient pas la loi. Aucun contenu ill\u00e9gal n&rsquo;a \u00e9t\u00e9 identifi\u00e9 au moment de la cr\u00e9ation des liens. Un contr\u00f4le permanent du contenu des pages li\u00e9es n&rsquo;est toutefois pas exigible sans indices concrets d&rsquo;une violation de la loi. D\u00e8s que nous aurons connaissance de violations de la loi, nous supprimerons imm\u00e9diatement de tels liens.<\/p><p><br><\/p><h4><span style=\"background-color: rgba(255, 255, 255, 0); color: var(--the7-base-color); letter-spacing: var(--the7-base-letter-spacing); text-transform: var(--the7-base-text-transform); word-spacing: normal;\"><b>Droit d&rsquo;auteur<\/b><\/span><\/h4>\n<p>Les contenus et \u0153uvres cr\u00e9\u00e9s par les exploitants de ces pages sont soumis au droit d&rsquo;auteur allemand. La reproduction, le traitement, la diffusion et toute forme d&rsquo;exploitation en dehors des limites du droit d&rsquo;auteur requi\u00e8rent l&rsquo;accord \u00e9crit de l&rsquo;auteur ou du cr\u00e9ateur concern\u00e9. Les t\u00e9l\u00e9chargements et les copies de cette page ne sont autoris\u00e9s que pour un usage priv\u00e9 et non commercial. Dans la mesure o\u00f9 les contenus de ce site n&rsquo;ont pas \u00e9t\u00e9 cr\u00e9\u00e9s par l&rsquo;exploitant, les droits d&rsquo;auteur de tiers sont respect\u00e9s. En particulier, les contenus de tiers sont identifi\u00e9s comme tels. Si vous deviez n\u00e9anmoins constater une violation des droits d&rsquo;auteur, nous vous prions de nous en informer. D\u00e8s que nous aurons connaissance d&rsquo;une violation de la loi, nous supprimerons imm\u00e9diatement de tels contenus.<\/p><p><br><\/p>\n<h4><b>Protection des donn\u00e9es<\/b><\/h4>\n<p>En r\u00e8gle g\u00e9n\u00e9rale, il est possible d&rsquo;utiliser notre site web sans fournir de donn\u00e9es \u00e0 caract\u00e8re personnel. Dans la mesure o\u00f9 des donn\u00e9es personnelles (par exemple nom, adresse ou adresses e-mail) sont collect\u00e9es sur nos pages, cela se fait toujours, dans la mesure du possible, sur une base volontaire. Ces donn\u00e9es ne seront pas transmises \u00e0 des tiers sans votre accord explicite.<\/p>\n<p>Nous attirons votre attention sur le fait que la transmission de donn\u00e9es sur Internet (par ex. lors de la communication par e-mail) peut pr\u00e9senter des failles de s\u00e9curit\u00e9. Une protection compl\u00e8te des donn\u00e9es contre l&rsquo;acc\u00e8s par des tiers n&rsquo;est pas possible.<\/p>\n<p>L&rsquo;utilisation par des tiers des donn\u00e9es de contact publi\u00e9es dans le cadre des mentions l\u00e9gales obligatoires pour l&rsquo;envoi de publicit\u00e9 et de mat\u00e9riel d&rsquo;information non express\u00e9ment demand\u00e9s est express\u00e9ment interdite. Les exploitants des pages se r\u00e9servent express\u00e9ment le droit d&rsquo;engager des poursuites judiciaires en cas d&rsquo;envoi non sollicit\u00e9 d&rsquo;informations publicitaires, par exemple par le biais de spams.<\/p>\t\t\t\t\t\t\t\t<\/div>\n\t\t\t\t<\/div>\n\t\t\t\t\t<\/div>\n\t\t<\/div>\n\t\t\t\t\t<\/div>\n\t\t<\/section>\n\t\t\t\t<\/div>\n\t\t","protected":false},"excerpt":{"rendered":"<p>Mentions l\u00e9gales Informations selon \u00a7 5 TMG : Dirk JansonHohenzollerndamm 8914199 Berlin Contact : T\u00e9l\u00e9phone : +49 30 600 32 106T\u00e9l\u00e9copieur : +49 30 700 143 4885Courrier \u00e9lectronique :&nbsp; Dirk.Janson@KeyMagic.eu Num\u00e9ro d&rsquo;identification de la taxe sur le chiffre d&rsquo;affaires : &nbsp; Num\u00e9ro d&rsquo;identification de la taxe sur le chiffre d&rsquo;affaires conform\u00e9ment au \u00a727 a de&hellip;<\/p>\n","protected":false},"author":1,"featured_media":0,"parent":0,"menu_order":0,"comment_status":"closed","ping_status":"closed","template":"","meta":{"footnotes":""},"class_list":["post-6851","page","type-page","status-publish","hentry"],"_links":{"self":[{"href":"https:\/\/keymagic.eu\/fr\/wp-json\/wp\/v2\/pages\/6851","targetHints":{"allow":["GET"]}}],"collection":[{"href":"https:\/\/keymagic.eu\/fr\/wp-json\/wp\/v2\/pages"}],"about":[{"href":"https:\/\/keymagic.eu\/fr\/wp-json\/wp\/v2\/types\/page"}],"author":[{"embeddable":true,"href":"https:\/\/keymagic.eu\/fr\/wp-json\/wp\/v2\/users\/1"}],"replies":[{"embeddable":true,"href":"https:\/\/keymagic.eu\/fr\/wp-json\/wp\/v2\/comments?post=6851"}],"version-history":[{"count":1,"href":"https:\/\/keymagic.eu\/fr\/wp-json\/wp\/v2\/pages\/6851\/revisions"}],"predecessor-version":[{"id":6856,"href":"https:\/\/keymagic.eu\/fr\/wp-json\/wp\/v2\/pages\/6851\/revisions\/6856"}],"wp:attachment":[{"href":"https:\/\/keymagic.eu\/fr\/wp-json\/wp\/v2\/media?parent=6851"}],"curies":[{"name":"wp","href":"https:\/\/api.w.org\/{rel}","templated":true}]}}